{"id":1966,"date":"2026-03-24T13:28:51","date_gmt":"2026-03-24T13:28:51","guid":{"rendered":"https:\/\/cavaro-consulting.com\/?page_id=1966"},"modified":"2026-03-24T13:44:51","modified_gmt":"2026-03-24T13:44:51","slug":"workplaceai","status":"publish","type":"page","link":"https:\/\/cavaro-consulting.com\/en\/workplaceai\/","title":{"rendered":"WorkplaceAI"},"content":{"rendered":"<div data-elementor-type=\"wp-page\" data-elementor-id=\"1966\" class=\"elementor elementor-1966\">\n\t\t\t\t<div class=\"elementor-element elementor-element-ac2cfc1 e-flex e-con-boxed wpr-particle-no wpr-jarallax-no wpr-parallax-no wpr-sticky-section-no e-con e-parent\" data-id=\"ac2cfc1\" data-element_type=\"container\" data-e-type=\"container\">\n\t\t\t\t\t<div class=\"e-con-inner\">\n\t\t\t\t<div class=\"elementor-element elementor-element-a2b5471 elementor-widget elementor-widget-heading\" data-id=\"a2b5471\" data-element_type=\"widget\" data-e-type=\"widget\" data-widget_type=\"heading.default\">\n\t\t\t\t\t<h2 class=\"elementor-heading-title elementor-size-default\">Fokusthema 2\nProduktivit\u00e4t steigern mit Workplace AI\u200b<\/h2>\t\t\t\t<\/div>\n\t\t\t\t<div class=\"elementor-element elementor-element-eea3230 elementor-widget elementor-widget-text-editor\" data-id=\"eea3230\" data-element_type=\"widget\" data-e-type=\"widget\" data-widget_type=\"text-editor.default\">\n\t\t\t\t\t\t\t\t\t<p>Wir bef\u00e4higen Ihre Mitarbeitenden, KI im Alltag wirklich produktiv zu nutzen.<\/p>\t\t\t\t\t\t\t\t<\/div>\n\t\t\t\t<div class=\"elementor-element elementor-element-0da3e1d elementor-widget elementor-widget-text-editor\" data-id=\"0da3e1d\" data-element_type=\"widget\" data-e-type=\"widget\" data-widget_type=\"text-editor.default\">\n\t\t\t\t\t\t\t\t\t<p>The challenge<\/p><ul><li data-charcodes=\"8226\" data-font=\"Arial,Sans-Serif\" data-buautonum=\"8\" data-margin=\"270\" data-aria-posinset=\"1\" data-aria-level=\"1\"><span data-usefontface=\"false\" data-contrast=\"none\">Mitarbeitende f\u00fchlen sich von KI \u00fcberfordert oder\u00a0<\/span><span data-usefontface=\"false\" data-contrast=\"none\">bedroht<\/span>\u200b<\/li><li data-charcodes=\"8226\" data-font=\"Arial,Sans-Serif\" data-buautonum=\"8\" data-margin=\"270\" data-aria-posinset=\"2\" data-aria-level=\"1\"><span data-usefontface=\"false\" data-contrast=\"none\">Fehlende Akzeptanz und Anwendungs-<\/span><span data-usefontface=\"false\" data-contrast=\"none\">Know-How<\/span>\u00a0<span data-usefontface=\"false\" data-contrast=\"none\">bremst Produktivit\u00e4t und Transformation<\/span>\u200b<\/li><li data-charcodes=\"8226\" data-font=\"Arial,Sans-Serif\" data-buautonum=\"8\" data-margin=\"270\" data-aria-posinset=\"3\" data-aria-level=\"1\"><span data-usefontface=\"false\" data-contrast=\"none\">Investitionen flie\u00dfen in isolierte KI-Use-Cases statt\u00a0<\/span><span data-usefontface=\"false\" data-contrast=\"none\">in einen unternehmensweiten Digital\u00a0<\/span><span data-usefontface=\"false\" data-contrast=\"none\">Workplace<\/span><span data-usefontface=\"false\" data-contrast=\"none\">,\u00a0<\/span><span data-usefontface=\"false\" data-contrast=\"none\">der gezielt den einzelnen Rollen und Aufgaben von\u00a0<\/span><span data-usefontface=\"false\" data-contrast=\"none\">Mitarbeitern Mehrwerte liefert<\/span>\u200b<\/li><li data-charcodes=\"8226\" data-font=\"Arial,Sans-Serif\" data-buautonum=\"8\" data-margin=\"270\" data-aria-posinset=\"4\" data-aria-level=\"1\"><span data-usefontface=\"false\" data-contrast=\"none\">Mitarbeitende werden im t\u00e4glichen\u00a0<\/span><span data-usefontface=\"false\" data-contrast=\"none\">Doing<\/span>\u00a0<span data-usefontface=\"false\" data-contrast=\"none\">gebremst durch nicht-automatisierte Prozesse und\u00a0<\/span><span data-usefontface=\"false\" data-contrast=\"none\">manuelle Wiederholungst\u00e4tigkeiten<\/span><\/li><\/ul><p><br \/><span data-usefontface=\"false\" data-contrast=\"none\">Our solution approach<br \/><\/span><\/p><ul><li data-charcodes=\"8226\" data-font=\"Arial,Sans-Serif\" data-buautonum=\"8\" data-margin=\"270\" data-aria-posinset=\"2\" data-aria-level=\"1\"><span data-usefontface=\"false\" data-contrast=\"none\">Fokus auf konkrete, alltagsnahe KI-Use-Cases f\u00fcr\u00a0<\/span><span data-usefontface=\"false\" data-contrast=\"none\">Office\u00a0<\/span><span data-usefontface=\"false\" data-contrast=\"none\">Worker<\/span>\u200b<\/li><li data-charcodes=\"8226\" data-font=\"Arial,Sans-Serif\" data-buautonum=\"8\" data-margin=\"270\" data-aria-posinset=\"3\" data-aria-level=\"1\"><span data-usefontface=\"false\" data-contrast=\"none\">Identifikation der gr\u00f6\u00dften Produktivit\u00e4tshebel pro\u00a0<\/span><span data-usefontface=\"false\" data-contrast=\"none\">Organisationseinheit<\/span>\u200b<\/li><li data-charcodes=\"8226\" data-font=\"Arial,Sans-Serif\" data-buautonum=\"8\" data-margin=\"270\" data-aria-posinset=\"4\" data-aria-level=\"1\"><span data-usefontface=\"false\" data-contrast=\"none\">Zielgruppenspezifisches\u00a0<\/span><span data-usefontface=\"false\" data-contrast=\"none\">Enablement<\/span><span data-usefontface=\"false\" data-contrast=\"none\">\u00a0(Rollen,\u00a0<\/span><span data-usefontface=\"false\" data-contrast=\"none\">Funktionen, Erfahrungslevel)<\/span>\u200b<\/li><li data-charcodes=\"8226\" data-font=\"Arial,Sans-Serif\" data-buautonum=\"8\" data-margin=\"270\" data-aria-posinset=\"5\" data-aria-level=\"1\"><span data-usefontface=\"false\" data-contrast=\"none\">\u201cHuman \u00d7 AI Playbooks\u201d including curated prompt libraries<\/span>\u200b<\/li><li data-charcodes=\"8226\" data-font=\"Arial,Sans-Serif\" data-buautonum=\"8\" data-margin=\"270\" data-aria-posinset=\"6\" data-aria-level=\"1\"><span data-usefontface=\"false\" data-contrast=\"none\">Fokus auf die Nutzung vorhandener Tools,\u00a0<\/span><span data-usefontface=\"false\" data-contrast=\"none\">von\u00a0<\/span><span data-usefontface=\"false\" data-contrast=\"none\">Copilot bis zu eigenen GPT-\/Agentensystemen<\/span>\u200b<\/li><li data-charcodes=\"8226\" data-font=\"Arial,Sans-Serif\" data-buautonum=\"8\" data-margin=\"270\" data-aria-posinset=\"7\" data-aria-level=\"1\"><span data-usefontface=\"false\" data-contrast=\"none\">Kontinuierliche Entwickelung und Tracking von\u00a0<\/span><span data-usefontface=\"false\" data-contrast=\"none\">Mitarbeitenden-<\/span><span data-usefontface=\"false\" data-contrast=\"none\">Know-How<\/span><span data-usefontface=\"false\" data-contrast=\"none\">\u00a0und darauf\u00a0<\/span><span data-usefontface=\"false\" data-contrast=\"none\">abgestimmte Entwicklung von KI-Funktionen<\/span>\u200b<\/li><li data-charcodes=\"8226\" data-font=\"Arial,Sans-Serif\" data-buautonum=\"8\" data-margin=\"270\" data-aria-posinset=\"8\" data-aria-level=\"1\"><span data-usefontface=\"false\" data-contrast=\"none\">Umsetzung eines permanenten Change und\u00a0<\/span><span data-usefontface=\"false\" data-contrast=\"none\">Enabelingprozesses<\/span><span data-usefontface=\"false\" data-contrast=\"none\">\u00a0im KI-Anwendungsumfeld<\/span><\/li><\/ul><p><span data-usefontface=\"false\" data-contrast=\"none\"><br \/>Our experience<br \/><\/span><\/p><ul><li data-charcodes=\"8226\" data-font=\"Arial,Sans-Serif\" data-buautonum=\"8\" data-margin=\"270\" data-aria-posinset=\"1\" data-aria-level=\"1\"><span data-usefontface=\"false\" data-contrast=\"none\">Einf\u00fchrung &amp; Skalierung von Microsoft\u00a0<\/span><span data-usefontface=\"false\" data-contrast=\"none\">Copilot in Unternehmen<\/span>\u200b<\/li><li data-charcodes=\"8226\" data-font=\"Arial,Sans-Serif\" data-buautonum=\"8\" data-margin=\"270\" data-aria-posinset=\"2\" data-aria-level=\"1\"><span data-usefontface=\"false\" data-contrast=\"none\">Entwicklung von integrierten\u00a0<\/span><span data-usefontface=\"false\" data-contrast=\"none\">Enabling<\/span><span data-usefontface=\"false\" data-contrast=\"none\">&#8211;<\/span><span data-usefontface=\"false\" data-contrast=\"none\">Konzepten und deren Umsetzung im KI-\u00a0<\/span><span data-usefontface=\"false\" data-contrast=\"none\">Umfeld<\/span>\u200b<\/li><li data-charcodes=\"8226\" data-font=\"Arial,Sans-Serif\" data-buautonum=\"8\" data-margin=\"270\" data-aria-posinset=\"3\" data-aria-level=\"1\"><span data-usefontface=\"false\" data-contrast=\"none\">Konzeption und Umsetzung von\u00a0<\/span><span data-usefontface=\"false\" data-contrast=\"none\">mehrwertsgetriebenen<\/span><span data-usefontface=\"false\" data-contrast=\"none\">\u00a0KI-Funktionen und\u00a0<\/span><span data-usefontface=\"false\" data-contrast=\"none\">den begleitenden\u00a0<\/span><span data-usefontface=\"false\" data-contrast=\"none\">Changema\u00dfnahmen<\/span><\/li><\/ul><p><span data-usefontface=\"false\" data-contrast=\"none\"><br \/>Results for your business<br \/><\/span><\/p><ul><li data-charcodes=\"8226\" data-font=\"Arial,Sans-Serif\" data-buautonum=\"8\" data-margin=\"450\" data-aria-posinset=\"1\" data-aria-level=\"1\" class=\"translation-block\">Measurable time savings in core workflows through efficient AI usage<\/li><li data-charcodes=\"8226\" data-font=\"Arial,Sans-Serif\" data-buautonum=\"8\" data-margin=\"450\" data-aria-posinset=\"2\" data-aria-level=\"1\"><span data-scheme-color=\"@000000,1,\" data-usefontface=\"false\" data-contrast=\"none\">Increased adoption and use of AI in everyday work<\/span>\u200b<\/li><li data-charcodes=\"8226\" data-font=\"Arial,Sans-Serif\" data-buautonum=\"8\" data-margin=\"450\" data-aria-posinset=\"3\" data-aria-level=\"1\"><span data-scheme-color=\"@000000,1,\" data-usefontface=\"false\" data-contrast=\"none\">Grundlage f\u00fcr nachhaltige KI-<\/span><span data-scheme-color=\"@000000,1,\" data-usefontface=\"false\" data-contrast=\"none\">Readiness<\/span><span data-scheme-color=\"@000000,1,\" data-usefontface=\"false\" data-contrast=\"none\">\u00a0Ihrer Organisation<\/span>\u200b<\/li><\/ul><p><span data-usefontface=\"false\" data-contrast=\"none\">\u00a0<\/span><\/p>\t\t\t\t\t\t\t\t<\/div>\n\t\t\t\t\t<\/div>\n\t\t\t\t<\/div>\n\t\t<div class=\"elementor-element elementor-element-03d5ec2 e-flex e-con-boxed wpr-particle-no wpr-jarallax-no wpr-parallax-no wpr-sticky-section-no e-con e-parent\" data-id=\"03d5ec2\" data-element_type=\"container\" data-e-type=\"container\">\n\t\t\t\t\t<div class=\"e-con-inner\">\n\t\t\t\t<div class=\"elementor-element elementor-element-64a2104 elementor-widget elementor-widget-heading\" data-id=\"64a2104\" data-element_type=\"widget\" data-e-type=\"widget\" data-widget_type=\"heading.default\">\n\t\t\t\t\t<h2 class=\"elementor-heading-title elementor-size-default\">Focus Topic 2<\/h2>\t\t\t\t<\/div>\n\t\t\t\t<div class=\"elementor-element elementor-element-decf57b elementor-widget elementor-widget-text-editor\" data-id=\"decf57b\" data-element_type=\"widget\" data-e-type=\"widget\" data-widget_type=\"text-editor.default\">\n\t\t\t\t\t\t\t\t\t<p>We enable your team to make AI truly productive in everyday tasks<\/p>\t\t\t\t\t\t\t\t<\/div>\n\t\t\t\t<div class=\"elementor-element elementor-element-6dd69df elementor-widget elementor-widget-text-editor\" data-id=\"6dd69df\" data-element_type=\"widget\" data-e-type=\"widget\" data-widget_type=\"text-editor.default\">\n\t\t\t\t\t\t\t\t\t<p>The challange<\/p><ul><li class=\"translation-block\" data-charcodes=\"8226\" data-font=\"Arial,Sans-Serif\" data-buautonum=\"8\" data-margin=\"270\" data-aria-posinset=\"1\" data-aria-level=\"1\">Employees feel overwhelmed or even threatened by AI<\/li><li class=\"translation-block\" data-charcodes=\"8226\" data-font=\"Arial,Sans-Serif\" data-buautonum=\"8\" data-margin=\"270\" data-aria-posinset=\"2\" data-aria-level=\"1\">Lack of adoption and practical know-how slows down productivity and transformation<\/li><li class=\"translation-block\" data-charcodes=\"8226\" data-font=\"Arial,Sans-Serif\" data-buautonum=\"8\" data-margin=\"270\" data-aria-posinset=\"3\" data-aria-level=\"1\">investments are fragmented into isolated AI use cases instead of building a company-wide digital workplace that delivers real value to individual roles and tasks<\/li><li class=\"translation-block\" data-charcodes=\"8226\" data-font=\"Arial,Sans-Serif\" data-buautonum=\"8\" data-margin=\"270\" data-aria-posinset=\"4\" data-aria-level=\"1\">Daily work is hindered by non-automated processes and repetitive manual tasks<br \/><br \/><\/li><\/ul><p>Our solution approach<\/p><ul><li class=\"translation-block\" data-charcodes=\"8226\" data-font=\"Arial,Sans-Serif\" data-buautonum=\"8\" data-margin=\"270\" data-aria-posinset=\"2\" data-aria-level=\"1\">Focus on practical, day-to-day AI use cases for office workers<\/li><li class=\"translation-block\" data-charcodes=\"8226\" data-font=\"Arial,Sans-Serif\" data-buautonum=\"8\" data-margin=\"270\" data-aria-posinset=\"3\" data-aria-level=\"1\">Identify the biggest productivity levers within each business unit<\/li><li class=\"translation-block\" data-charcodes=\"8226\" data-font=\"Arial,Sans-Serif\" data-buautonum=\"8\" data-margin=\"270\" data-aria-posinset=\"4\" data-aria-level=\"1\">Role-based enablement tailored to functions, responsibilities, and experience levels<\/li><li data-charcodes=\"8226\" data-font=\"Arial,Sans-Serif\" data-buautonum=\"8\" data-margin=\"270\" data-aria-posinset=\"5\" data-aria-level=\"1\"><span data-usefontface=\"false\" data-contrast=\"none\">\u201cHuman \u00d7 AI Playbooks\u201d including curated prompt libraries<\/span>\u200b<\/li><li class=\"translation-block\" data-charcodes=\"8226\" data-font=\"Arial,Sans-Serif\" data-buautonum=\"8\" data-margin=\"270\" data-aria-posinset=\"6\" data-aria-level=\"1\">Leverage existing tools \u2014 from Microsoft Copilot to custom GPT and agent systems<\/li><li class=\"translation-block\" data-charcodes=\"8226\" data-font=\"Arial,Sans-Serif\" data-buautonum=\"8\" data-margin=\"270\" data-aria-posinset=\"7\" data-aria-level=\"1\">Continuously develop and track employee AI capabilities, aligned with evolving AI features<\/li><li class=\"translation-block\" data-charcodes=\"8226\" data-font=\"Arial,Sans-Serif\" data-buautonum=\"8\" data-margin=\"270\" data-aria-posinset=\"8\" data-aria-level=\"1\">Establish an ongoing change and enablement process for sustainable AI adoption<br \/><br \/><\/li><\/ul><p>Our experience<\/p><ul><li class=\"translation-block\" data-charcodes=\"8226\" data-font=\"Arial,Sans-Serif\" data-buautonum=\"8\" data-margin=\"270\" data-aria-posinset=\"1\" data-aria-level=\"1\">Introduction and scaling of Microsoft Copilot across the organization<\/li><li class=\"translation-block\" data-charcodes=\"8226\" data-font=\"Arial,Sans-Serif\" data-buautonum=\"8\" data-margin=\"270\" data-aria-posinset=\"2\" data-aria-level=\"1\">Design and implementation of integrated AI enablement programs<\/li><li class=\"translation-block\" data-charcodes=\"8226\" data-font=\"Arial,Sans-Serif\" data-buautonum=\"8\" data-margin=\"270\" data-aria-posinset=\"3\" data-aria-level=\"1\">Development of value-driven AI solutions, combined with effective change management initiatives<br \/><br \/><\/li><\/ul><p>Results for your business<\/p><ul><li class=\"translation-block\" data-charcodes=\"8226\" data-font=\"Arial,Sans-Serif\" data-buautonum=\"8\" data-margin=\"450\" data-aria-posinset=\"3\" data-aria-level=\"1\">A strong foundation for long-term AI readiness across your organization<\/li><\/ul>\t\t\t\t\t\t\t\t<\/div>\n\t\t\t\t\t<\/div>\n\t\t\t\t<\/div>\n\t\t<div class=\"elementor-element elementor-element-a607d74 e-flex e-con-boxed wpr-particle-no wpr-jarallax-no wpr-parallax-no wpr-sticky-section-no e-con e-parent\" data-id=\"a607d74\" data-element_type=\"container\" data-e-type=\"container\">\n\t\t\t\t\t<div class=\"e-con-inner\">\n\t\t\t\t<div class=\"elementor-element elementor-element-051e2b3 elementor-widget elementor-widget-text-editor\" data-id=\"051e2b3\" data-element_type=\"widget\" data-e-type=\"widget\" data-widget_type=\"text-editor.default\">\n\t\t\t\t\t\t\t\t\t<p><a href=\"https:\/\/cavaro-consulting.com\/en\/home\/\">Home<\/a><br \/><br \/><a href=\"https:\/\/cavaro-consulting.com\/en\/informationmanagement\/\">Fokusthema 1<\/a><br \/><br \/><a href=\"https:\/\/cavaro-consulting.com\/en\/digitalknowledgetwins\/\">Fokusthema 3<\/a><br \/><br \/><a href=\"https:\/\/cavaro-consulting.com\/en\/industrialintranet\/\">Fokusthema 4<\/a><br \/><br \/><a href=\"https:\/\/cavaro-consulting.com\/en\/informationmanagement\/\">Focus Topic 1<\/a><br \/><br \/><a href=\"https:\/\/cavaro-consulting.com\/en\/digitalknowledgetwins\/\">Focus Topic 3<\/a><br \/><br \/><a href=\"https:\/\/cavaro-consulting.com\/en\/industrialintranet\/\">Focus Topic 4<\/a><\/p><p>\u00a0<\/p>\t\t\t\t\t\t\t\t<\/div>\n\t\t\t\t\t<\/div>\n\t\t\t\t<\/div>\n\t\t\t\t<\/div>","protected":false},"excerpt":{"rendered":"<p>Fokusthema 2 Produktivit\u00e4t steigern mit Workplace AI\u200b Wir bef\u00e4higen Ihre Mitarbeitenden, KI im Alltag wirklich produktiv zu nutzen. Die Herausforderung Mitarbeitende f\u00fchlen sich von KI \u00fcberfordert oder\u00a0bedroht\u200b Fehlende Akzeptanz und Anwendungs-Know-How\u00a0bremst Produktivit\u00e4t und Transformation\u200b Investitionen flie\u00dfen in isolierte KI-Use-Cases statt\u00a0in einen unternehmensweiten Digital\u00a0Workplace,\u00a0der gezielt den einzelnen Rollen und Aufgaben von\u00a0Mitarbeitern Mehrwerte liefert\u200b Mitarbeitende werden im t\u00e4glichen\u00a0Doing\u00a0gebremst durch nicht-automatisierte Prozesse und\u00a0manuelle Wiederholungst\u00e4tigkeiten Unser L\u00f6sungsansatz Fokus auf konkrete, alltagsnahe KI-Use-Cases f\u00fcr\u00a0Office\u00a0Worker\u200b Identifikation der gr\u00f6\u00dften Produktivit\u00e4tshebel pro\u00a0Organisationseinheit\u200b Zielgruppenspezifisches\u00a0Enablement\u00a0(Rollen,\u00a0Funktionen, Erfahrungslevel)\u200b \u201eHuman \u00d7 AI Playbooks\u201c inkl. Prompt Libraries\u200b Fokus auf die Nutzung vorhandener Tools,\u00a0von\u00a0Copilot bis zu eigenen GPT-\/Agentensystemen\u200b Kontinuierliche Entwickelung und Tracking von\u00a0Mitarbeitenden-Know-How\u00a0und darauf\u00a0abgestimmte Entwicklung von KI-Funktionen\u200b Umsetzung eines permanenten Change und\u00a0Enabelingprozesses\u00a0im KI-Anwendungsumfeld Unsere Erfahrung Einf\u00fchrung &amp; Skalierung von Microsoft\u00a0Copilot in Unternehmen\u200b Entwicklung von integrierten\u00a0Enabling-Konzepten und deren Umsetzung im KI-\u00a0Umfeld\u200b Konzeption und Umsetzung von\u00a0mehrwertsgetriebenen\u00a0KI-Funktionen und\u00a0den begleitenden\u00a0Changema\u00dfnahmen Ergebnisse f\u00fcr ihr Unternehmen Nachweisbare Zeitersparnis in Kernarbeitsprozessen durch effizienten Einsatz von KI\u200b H\u00f6here Akzeptanz und Nutzung von KI im Arbeitsalltag\u200b Grundlage f\u00fcr nachhaltige KI-Readiness\u00a0Ihrer Organisation\u200b \u00a0 Focus Topic 2 We enable your team to make AI truly productive in everyday tasks The challange Employees feel overwhelmed or even threatened by AI Lack of adoption and practical know-how slows down productivity and transformation investments are fragmented into isolated AI use cases instead of building a company-wide digital workplace that delivers real value to individual roles and tasks Daily work is hindered by non-automated processes and repetitive manual tasks Our solution approach Focus on practical, day-to-day AI use cases for office workers Identify the biggest productivity levers within each business unit Role-based enablement tailored to functions, responsibilities, and experience levels \u201cHuman \u00d7 AI Playbooks\u201d including curated prompt libraries\u200b Leverage existing tools \u2014 from Microsoft Copilot to custom GPT and agent systems Continuously develop and track employee AI capabilities, aligned with evolving AI features Establish an ongoing change and enablement process for sustainable AI adoption Our experience Introduction and scaling of Microsoft Copilot across the organization Design and implementation of integrated AI enablement programs Development of value-driven AI solutions, combined with effective change management initiatives Results for your business A strong foundation for long-term AI readiness across your organization Home Fokusthema 1 Fokusthema 3 Fokusthema 4 Focus Topic 1 Focus Topic 3 Focus Topic 4 \u00a0<\/p>","protected":false},"author":3,"featured_media":0,"parent":0,"menu_order":0,"comment_status":"closed","ping_status":"closed","template":"","meta":{"site-sidebar-layout":"no-sidebar","site-content-layout":"","ast-site-content-layout":"full-width-container","site-content-style":"default","site-sidebar-style":"default","ast-global-header-display":"","ast-banner-title-visibility":"","ast-main-header-display":"","ast-hfb-above-header-display":"","ast-hfb-below-header-display":"","ast-hfb-mobile-header-display":"","site-post-title":"disabled","ast-breadcrumbs-content":"","ast-featured-img":"disabled","footer-sml-layout":"","theme-transparent-header-meta":"","adv-header-id-meta":"","stick-header-meta":"","header-above-stick-meta":"","header-main-stick-meta":"","header-below-stick-meta":"","astra-migrate-meta-layouts":"default","ast-page-background-enabled":"default","ast-page-background-meta":{"desktop":{"background-color":"var(--ast-global-color-4)","background-image":"","background-repeat":"repeat","background-position":"center center","background-size":"auto","background-attachment":"scroll","background-type":"","background-media":"","overlay-type":"","overlay-color":"","overlay-opacity":"","overlay-gradient":""},"tablet":{"background-color":"","background-image":"","background-repeat":"repeat","background-position":"center center","background-size":"auto","background-attachment":"scroll","background-type":"","background-media":"","overlay-type":"","overlay-color":"","overlay-opacity":"","overlay-gradient":""},"mobile":{"background-color":"","background-image":"","background-repeat":"repeat","background-position":"center center","background-size":"auto","background-attachment":"scroll","background-type":"","background-media":"","overlay-type":"","overlay-color":"","overlay-opacity":"","overlay-gradient":""}},"ast-content-background-meta":{"desktop":{"background-color":"var(--ast-global-color-5)","background-image":"","background-repeat":"repeat","background-position":"center center","background-size":"auto","background-attachment":"scroll","background-type":"","background-media":"","overlay-type":"","overlay-color":"","overlay-opacity":"","overlay-gradient":""},"tablet":{"background-color":"var(--ast-global-color-5)","background-image":"","background-repeat":"repeat","background-position":"center center","background-size":"auto","background-attachment":"scroll","background-type":"","background-media":"","overlay-type":"","overlay-color":"","overlay-opacity":"","overlay-gradient":""},"mobile":{"background-color":"var(--ast-global-color-5)","background-image":"","background-repeat":"repeat","background-position":"center center","background-size":"auto","background-attachment":"scroll","background-type":"","background-media":"","overlay-type":"","overlay-color":"","overlay-opacity":"","overlay-gradient":""}},"footnotes":""},"class_list":["post-1966","page","type-page","status-publish","hentry"],"_links":{"self":[{"href":"https:\/\/cavaro-consulting.com\/en\/wp-json\/wp\/v2\/pages\/1966","targetHints":{"allow":["GET"]}}],"collection":[{"href":"https:\/\/cavaro-consulting.com\/en\/wp-json\/wp\/v2\/pages"}],"about":[{"href":"https:\/\/cavaro-consulting.com\/en\/wp-json\/wp\/v2\/types\/page"}],"author":[{"embeddable":true,"href":"https:\/\/cavaro-consulting.com\/en\/wp-json\/wp\/v2\/users\/3"}],"replies":[{"embeddable":true,"href":"https:\/\/cavaro-consulting.com\/en\/wp-json\/wp\/v2\/comments?post=1966"}],"version-history":[{"count":5,"href":"https:\/\/cavaro-consulting.com\/en\/wp-json\/wp\/v2\/pages\/1966\/revisions"}],"predecessor-version":[{"id":1981,"href":"https:\/\/cavaro-consulting.com\/en\/wp-json\/wp\/v2\/pages\/1966\/revisions\/1981"}],"wp:attachment":[{"href":"https:\/\/cavaro-consulting.com\/en\/wp-json\/wp\/v2\/media?parent=1966"}],"curies":[{"name":"wp","href":"https:\/\/api.w.org\/{rel}","templated":true}]}}