{"id":1959,"date":"2026-03-24T12:57:18","date_gmt":"2026-03-24T12:57:18","guid":{"rendered":"https:\/\/cavaro-consulting.com\/?page_id=1959"},"modified":"2026-03-24T14:00:33","modified_gmt":"2026-03-24T14:00:33","slug":"industrialintranet","status":"publish","type":"page","link":"https:\/\/cavaro-consulting.com\/en\/industrialintranet\/","title":{"rendered":"IndustrialIntranet"},"content":{"rendered":"<div data-elementor-type=\"wp-page\" data-elementor-id=\"1959\" class=\"elementor elementor-1959\">\n\t\t\t\t<div class=\"elementor-element elementor-element-eddc7fc e-flex e-con-boxed wpr-particle-no wpr-jarallax-no wpr-parallax-no wpr-sticky-section-no e-con e-parent\" data-id=\"eddc7fc\" data-element_type=\"container\" data-e-type=\"container\">\n\t\t\t\t\t<div class=\"e-con-inner\">\n\t\t\t\t<div class=\"elementor-element elementor-element-f07a330 elementor-widget elementor-widget-heading\" data-id=\"f07a330\" data-element_type=\"widget\" data-e-type=\"widget\" data-widget_type=\"heading.default\">\n\t\t\t\t\t<h2 class=\"elementor-heading-title elementor-size-default\">Fokusthema 1\nIndustrial Intranets f\u00fcr Werke &amp; Shopfloor\u200b<\/h2>\t\t\t\t<\/div>\n\t\t\t\t<div class=\"elementor-element elementor-element-3fb691b elementor-widget elementor-widget-text-editor\" data-id=\"3fb691b\" data-element_type=\"widget\" data-e-type=\"widget\" data-widget_type=\"text-editor.default\">\n\t\t\t\t\t\t\t\t\t<p>Wir bringen das Intranet dorthin, wo Wertsch\u00f6pfung entsteht.<\/p>\t\t\t\t\t\t\t\t<\/div>\n\t\t\t\t<div class=\"elementor-element elementor-element-47bde80 elementor-widget elementor-widget-text-editor\" data-id=\"47bde80\" data-element_type=\"widget\" data-e-type=\"widget\" data-widget_type=\"text-editor.default\">\n\t\t\t\t\t\t\t\t\t<p>The challenge<\/p><ul><li data-charcodes=\"8226\" data-font=\"Arial,Sans-Serif\" data-buautonum=\"8\" data-margin=\"270\" data-aria-posinset=\"1\" data-aria-level=\"1\"><span data-usefontface=\"false\" data-contrast=\"none\">Traditional intranets fail to reach the shop floor, reinforcing a two-tier workforce\u00a0<\/span><span data-usefontface=\"false\" data-contrast=\"none\">und postulieren eine Zweiklassengesellschaft im\u00a0<\/span><span data-usefontface=\"false\" data-contrast=\"none\">Unternehmen<\/span>\u200b<\/li><li data-charcodes=\"8226\" data-font=\"Arial,Sans-Serif\" data-buautonum=\"8\" data-margin=\"270\" data-aria-posinset=\"2\" data-aria-level=\"1\"><span data-usefontface=\"false\" data-contrast=\"none\">Communication remains stuck in the office, creating inefficient silos across the organization\u00a0<\/span><span data-usefontface=\"false\" data-contrast=\"none\">zu ineffizienten Silos im Unternehmen<\/span>\u200b<\/li><li data-charcodes=\"8226\" data-font=\"Arial,Sans-Serif\" data-buautonum=\"8\" data-margin=\"270\" data-aria-posinset=\"3\" data-aria-level=\"1\"><span data-usefontface=\"false\" data-contrast=\"none\">Geringe Akzeptanz des Intranets bei Non-Desk-<\/span><span data-usefontface=\"false\" data-contrast=\"none\">Workern<\/span><span data-usefontface=\"false\" data-contrast=\"none\">\u00a0f\u00fchren zu Informations- &amp; Compliance-<\/span><span data-usefontface=\"false\" data-contrast=\"none\">Risiken in den Werken<\/span><\/li><\/ul><p><br \/>Our solution approach<\/p><ul><li data-charcodes=\"8226\" data-font=\"Arial,Sans-Serif\" data-buautonum=\"8\" data-margin=\"270\" data-aria-posinset=\"1\" data-aria-level=\"1\"><span data-usefontface=\"false\" data-contrast=\"none\">Intranet- &amp; Kommunikationskonzepte speziell f\u00fcr\u00a0<\/span><span data-usefontface=\"false\" data-contrast=\"none\">Non-Desk-<\/span><span data-usefontface=\"false\" data-contrast=\"none\">Worker<\/span>\u200b<\/li><li data-charcodes=\"8226\" data-font=\"Arial,Sans-Serif\" data-buautonum=\"8\" data-margin=\"270\" data-aria-posinset=\"2\" data-aria-level=\"1\"><span data-usefontface=\"false\" data-contrast=\"none\">Digitale Schwarze Bretter, Werk-Homepages &amp;\u00a0<\/span><span data-usefontface=\"false\" data-contrast=\"none\">Schichtinformationen<\/span>\u200b<\/li><li data-charcodes=\"8226\" data-font=\"Arial,Sans-Serif\" data-buautonum=\"8\" data-margin=\"270\" data-aria-posinset=\"3\" data-aria-level=\"1\" class=\"translation-block\">Mobile-first experiences, including QR-based access<\/li><li data-charcodes=\"8226\" data-font=\"Arial,Sans-Serif\" data-buautonum=\"8\" data-margin=\"270\" data-aria-posinset=\"4\" data-aria-level=\"1\"><span data-usefontface=\"false\" data-contrast=\"none\">Integration von Sicherheits-, Qualit\u00e4ts- &amp;\u00a0<\/span><span data-usefontface=\"false\" data-contrast=\"none\">Produktionsinformationen<\/span>\u200b<\/li><li data-charcodes=\"8226\" data-font=\"Arial,Sans-Serif\" data-buautonum=\"8\" data-margin=\"270\" data-aria-posinset=\"5\" data-aria-level=\"1\"><span data-usefontface=\"false\" data-contrast=\"none\">Nutzung vorhandener M365-Technologien statt\u00a0<\/span><span data-usefontface=\"false\" data-contrast=\"none\">Insell\u00f6sungen<\/span><\/li><\/ul><p><br \/>Unsere Erfahrungen<\/p><ul><li data-charcodes=\"8226\" data-font=\"Arial,Sans-Serif\" data-buautonum=\"8\" data-margin=\"270\" data-aria-posinset=\"1\" data-aria-level=\"1\"><span data-usefontface=\"false\" data-contrast=\"none\">Konzeption und Umsetzung von Industrial\u00a0<\/span><span data-usefontface=\"false\" data-contrast=\"none\">Intranets bei Global Playern<\/span>\u200b<\/li><li data-charcodes=\"8226\" data-font=\"Arial,Sans-Serif\" data-buautonum=\"8\" data-margin=\"270\" data-aria-posinset=\"3\" data-aria-level=\"1\"><span data-usefontface=\"false\" data-contrast=\"none\">Skalierbare Rollouts \u00fcber Werke und\u00a0<\/span><span data-usefontface=\"false\" data-contrast=\"none\">L\u00e4nder hinweg<\/span>\u200b<\/li><\/ul><p><br \/>Results for your business<\/p><ul><li data-charcodes=\"8226\" data-font=\"Arial,Sans-Serif\" data-buautonum=\"8\" data-margin=\"450\" data-aria-posinset=\"1\" data-aria-level=\"1\" class=\"translation-block\">Increased compliance and awareness directly on the shop floor<\/li><li data-charcodes=\"8226\" data-font=\"Arial,Sans-Serif\" data-buautonum=\"8\" data-margin=\"450\" data-aria-posinset=\"2\" data-aria-level=\"1\"><span data-usefontface=\"false\" data-contrast=\"none\">Messbarer Beitrag zu Corporate Communication &amp;\u00a0<\/span><span data-usefontface=\"false\" data-contrast=\"none\">Employer<\/span><span data-usefontface=\"false\" data-contrast=\"none\">\u00a0Branding<\/span>\u200b<\/li><li data-charcodes=\"8226\" data-font=\"Arial,Sans-Serif\" data-buautonum=\"8\" data-margin=\"450\" data-aria-posinset=\"3\" data-aria-level=\"1\" class=\"translation-block\">Reduced licensing costs by eliminating low-value standalone tools<\/li><li data-charcodes=\"8226\" data-font=\"Arial,Sans-Serif\" data-buautonum=\"8\" data-margin=\"450\" data-aria-posinset=\"4\" data-aria-level=\"1\" class=\"translation-block\">Higher adoption and engagement among non-desk workers<\/li><\/ul>\t\t\t\t\t\t\t\t<\/div>\n\t\t\t\t\t<\/div>\n\t\t\t\t<\/div>\n\t\t<div class=\"elementor-element elementor-element-86d58f8 e-flex e-con-boxed wpr-particle-no wpr-jarallax-no wpr-parallax-no wpr-sticky-section-no e-con e-parent\" data-id=\"86d58f8\" data-element_type=\"container\" data-e-type=\"container\">\n\t\t\t\t\t<div class=\"e-con-inner\">\n\t\t\t\t<div class=\"elementor-element elementor-element-6a1a574 elementor-widget elementor-widget-heading\" data-id=\"6a1a574\" data-element_type=\"widget\" data-e-type=\"widget\" data-widget_type=\"heading.default\">\n\t\t\t\t\t<h2 class=\"elementor-heading-title elementor-size-default\">Focus Topic 1\nndustrial intranets for factories and shop floors\n<\/h2>\t\t\t\t<\/div>\n\t\t\t\t<div class=\"elementor-element elementor-element-bc37c62 elementor-widget elementor-widget-text-editor\" data-id=\"bc37c62\" data-element_type=\"widget\" data-e-type=\"widget\" data-widget_type=\"text-editor.default\">\n\t\t\t\t\t\t\t\t\t<p>We take the intranet to the heart of value creation.<\/p>\t\t\t\t\t\t\t\t<\/div>\n\t\t\t\t<div class=\"elementor-element elementor-element-c37a911 elementor-widget elementor-widget-text-editor\" data-id=\"c37a911\" data-element_type=\"widget\" data-e-type=\"widget\" data-widget_type=\"text-editor.default\">\n\t\t\t\t\t\t\t\t\t<p>The challenge<\/p><ul><li data-charcodes=\"8226\" data-font=\"Arial,Sans-Serif\" data-buautonum=\"8\" data-margin=\"270\" data-aria-posinset=\"1\" data-aria-level=\"1\"><span data-usefontface=\"false\" data-contrast=\"none\">Traditional intranets fail to reach the shop floor, reinforcing a two-tier workforce\u00a0<\/span><span data-usefontface=\"false\" data-contrast=\"none\">und postulieren eine Zweiklassengesellschaft im\u00a0<\/span><span data-usefontface=\"false\" data-contrast=\"none\">Unternehmen<\/span>\u200b<\/li><li class=\"translation-block\" data-charcodes=\"8226\" data-font=\"Arial,Sans-Serif\" data-buautonum=\"8\" data-margin=\"270\" data-aria-posinset=\"2\" data-aria-level=\"1\">Communication remains stuck in the office, creating inefficient silos across the organization<\/li><li class=\"translation-block\" data-charcodes=\"8226\" data-font=\"Arial,Sans-Serif\" data-buautonum=\"8\" data-margin=\"270\" data-aria-posinset=\"3\" data-aria-level=\"1\">Low adoption among non-desk workers leads to information gaps and compliance risks in plants<\/li><\/ul><p><br \/>Our solution approach<\/p><ul><li class=\"translation-block\" data-charcodes=\"8226\" data-font=\"Arial,Sans-Serif\" data-buautonum=\"8\" data-margin=\"270\" data-aria-posinset=\"1\" data-aria-level=\"1\">Intranet and communication concepts tailored specifically to non-desk workers<\/li><li class=\"translation-block\" data-charcodes=\"8226\" data-font=\"Arial,Sans-Serif\" data-buautonum=\"8\" data-margin=\"270\" data-aria-posinset=\"2\" data-aria-level=\"1\">Digital notice boards, plant homepages, and shift-based information delivery<\/li><li class=\"translation-block\" data-charcodes=\"8226\" data-font=\"Arial,Sans-Serif\" data-buautonum=\"8\" data-margin=\"270\" data-aria-posinset=\"3\" data-aria-level=\"1\">Mobile-first experiences, including QR-based access<\/li><li class=\"translation-block\" data-charcodes=\"8226\" data-font=\"Arial,Sans-Serif\" data-buautonum=\"8\" data-margin=\"270\" data-aria-posinset=\"4\" data-aria-level=\"1\">Seamless integration of safety, quality, and production-related information<\/li><li class=\"translation-block\" data-charcodes=\"8226\" data-font=\"Arial,Sans-Serif\" data-buautonum=\"8\" data-margin=\"270\" data-aria-posinset=\"5\" data-aria-level=\"1\">Leverage existing Microsoft 365 technologies instead of fragmented, standalone solutions<\/li><\/ul><p><br \/>Our experiences<\/p><ul><li class=\"translation-block\" data-charcodes=\"8226\" data-font=\"Arial,Sans-Serif\" data-buautonum=\"8\" data-margin=\"270\" data-aria-posinset=\"1\" data-aria-level=\"1\">Design and implementation of industrial intranets for global enterprises<\/li><li class=\"translation-block\" data-charcodes=\"8226\" data-font=\"Arial,Sans-Serif\" data-buautonum=\"8\" data-margin=\"270\" data-aria-posinset=\"3\" data-aria-level=\"1\">Scalable rollouts across plants, regions, and countries<\/li><\/ul><p><br \/>Results for your business<\/p><ul><li class=\"translation-block\" data-charcodes=\"8226\" data-font=\"Arial,Sans-Serif\" data-buautonum=\"8\" data-margin=\"450\" data-aria-posinset=\"1\" data-aria-level=\"1\">Increased compliance and awareness directly on the shop floor<\/li><li class=\"translation-block\" data-charcodes=\"8226\" data-font=\"Arial,Sans-Serif\" data-buautonum=\"8\" data-margin=\"450\" data-aria-posinset=\"2\" data-aria-level=\"1\">Measurable impact on corporate communication and employer branding<\/li><li class=\"translation-block\" data-charcodes=\"8226\" data-font=\"Arial,Sans-Serif\" data-buautonum=\"8\" data-margin=\"450\" data-aria-posinset=\"3\" data-aria-level=\"1\">Reduced licensing costs by eliminating low-value standalone tools<\/li><li class=\"translation-block\" data-charcodes=\"8226\" data-font=\"Arial,Sans-Serif\" data-buautonum=\"8\" data-margin=\"450\" data-aria-posinset=\"4\" data-aria-level=\"1\">Higher adoption and engagement among non-desk workers<\/li><\/ul>\t\t\t\t\t\t\t\t<\/div>\n\t\t\t\t\t<\/div>\n\t\t\t\t<\/div>\n\t\t<div class=\"elementor-element elementor-element-3585912 e-flex e-con-boxed wpr-particle-no wpr-jarallax-no wpr-parallax-no wpr-sticky-section-no e-con e-parent\" data-id=\"3585912\" data-element_type=\"container\" data-e-type=\"container\">\n\t\t\t\t\t<div class=\"e-con-inner\">\n\t\t\t\t<div class=\"elementor-element elementor-element-5534b16 elementor-widget elementor-widget-text-editor\" data-id=\"5534b16\" data-element_type=\"widget\" data-e-type=\"widget\" data-widget_type=\"text-editor.default\">\n\t\t\t\t\t\t\t\t\t<p><a href=\"https:\/\/cavaro-consulting.com\/en\/home\/\">Home<\/a><\/p><p><a href=\"https:\/\/cavaro-consulting.com\/en\/informationmanagement\/\">Fokusthema 1<\/a><\/p><p><a href=\"https:\/\/cavaro-consulting.com\/en\/workplaceai\/\">Fokusthema 2<\/a><\/p><p><a href=\"https:\/\/cavaro-consulting.com\/en\/home\/digitalknowledgetwins\/\">Fokusthema 3<\/a><\/p><p><a href=\"https:\/\/cavaro-consulting.com\/en\/informationmanagement\/\">Focus Topic 1<\/a><\/p><p><a href=\"https:\/\/cavaro-consulting.com\/en\/workplaceai\/\">Focus Topic 2<\/a><\/p><p><a href=\"https:\/\/cavaro-consulting.com\/en\/home\/digitalknowledgetwins\/\">Focus Topic 3<\/a><\/p>\t\t\t\t\t\t\t\t<\/div>\n\t\t\t\t\t<\/div>\n\t\t\t\t<\/div>\n\t\t\t\t<\/div>","protected":false},"excerpt":{"rendered":"<p>Fokusthema 1 Industrial Intranets f\u00fcr Werke &amp; Shopfloor\u200b Wir bringen das Intranet dorthin, wo Wertsch\u00f6pfung entsteht. Die Herausforderung Standard-Intranets erreichen den Shopfloor nicht\u00a0und postulieren eine Zweiklassengesellschaft im\u00a0Unternehmen\u200b Kommunikation bleibt im B\u00fcro stecken. Dies f\u00fchrt\u00a0zu ineffizienten Silos im Unternehmen\u200b Geringe Akzeptanz des Intranets bei Non-Desk-Workern\u00a0f\u00fchren zu Informations- &amp; Compliance-Risiken in den Werken Unser L\u00f6sungsansatz Intranet- &amp; Kommunikationskonzepte speziell f\u00fcr\u00a0Non-Desk-Worker\u200b Digitale Schwarze Bretter, Werk-Homepages &amp;\u00a0Schichtinformationen\u200b Mobile-first Ans\u00e4tze inkl. QR-basierter Zug\u00e4nge\u200b Integration von Sicherheits-, Qualit\u00e4ts- &amp;\u00a0Produktionsinformationen\u200b Nutzung vorhandener M365-Technologien statt\u00a0Insell\u00f6sungen Unsere Erfahrungen Konzeption und Umsetzung von Industrial\u00a0Intranets bei Global Playern\u200b Skalierbare Rollouts \u00fcber Werke und\u00a0L\u00e4nder hinweg\u200b Ergebnisse f\u00fcr ihr Unternehmen H\u00f6here Compliance &amp; Awareness direkt im Werk\u200b Messbarer Beitrag zu Corporate Communication &amp;\u00a0Employer\u00a0Branding\u200b Einsparung von Lizenzkosten f\u00fcr funktionsarme Insell\u00f6sungen\u200b H\u00f6here Akzeptanz und Nutzung durch den Shopfloor\u200b Focus Topic 1 ndustrial intranets for factories and shop floors We take the intranet to the heart of value creation. The challenge Traditional intranets fail to reach the shop floor, reinforcing a two-tier workforce\u00a0und postulieren eine Zweiklassengesellschaft im\u00a0Unternehmen\u200b Communication remains stuck in the office, creating inefficient silos across the organization Low adoption among non-desk workers leads to information gaps and compliance risks in plants Our solution approach Intranet and communication concepts tailored specifically to non-desk workers Digital notice boards, plant homepages, and shift-based information delivery Mobile-first experiences, including QR-based access Seamless integration of safety, quality, and production-related information Leverage existing Microsoft 365 technologies instead of fragmented, standalone solutions Our experiences Design and implementation of industrial intranets for global enterprises Scalable rollouts across plants, regions, and countries Results for your business Increased compliance and awareness directly on the shop floor Measurable impact on corporate communication and employer branding Reduced licensing costs by eliminating low-value standalone tools Higher adoption and engagement among non-desk workers Home Fokusthema 1 Fokusthema 2 Fokusthema 3 Focus Topic 1 Focus Topic 2 Focus Topic 3<\/p>","protected":false},"author":3,"featured_media":0,"parent":0,"menu_order":0,"comment_status":"closed","ping_status":"closed","template":"","meta":{"site-sidebar-layout":"no-sidebar","site-content-layout":"","ast-site-content-layout":"full-width-container","site-content-style":"default","site-sidebar-style":"default","ast-global-header-display":"","ast-banner-title-visibility":"","ast-main-header-display":"","ast-hfb-above-header-display":"","ast-hfb-below-header-display":"","ast-hfb-mobile-header-display":"","site-post-title":"disabled","ast-breadcrumbs-content":"","ast-featured-img":"disabled","footer-sml-layout":"","theme-transparent-header-meta":"","adv-header-id-meta":"","stick-header-meta":"","header-above-stick-meta":"","header-main-stick-meta":"","header-below-stick-meta":"","astra-migrate-meta-layouts":"default","ast-page-background-enabled":"default","ast-page-background-meta":{"desktop":{"background-color":"var(--ast-global-color-4)","background-image":"","background-repeat":"repeat","background-position":"center center","background-size":"auto","background-attachment":"scroll","background-type":"","background-media":"","overlay-type":"","overlay-color":"","overlay-opacity":"","overlay-gradient":""},"tablet":{"background-color":"","background-image":"","background-repeat":"repeat","background-position":"center center","background-size":"auto","background-attachment":"scroll","background-type":"","background-media":"","overlay-type":"","overlay-color":"","overlay-opacity":"","overlay-gradient":""},"mobile":{"background-color":"","background-image":"","background-repeat":"repeat","background-position":"center center","background-size":"auto","background-attachment":"scroll","background-type":"","background-media":"","overlay-type":"","overlay-color":"","overlay-opacity":"","overlay-gradient":""}},"ast-content-background-meta":{"desktop":{"background-color":"var(--ast-global-color-5)","background-image":"","background-repeat":"repeat","background-position":"center center","background-size":"auto","background-attachment":"scroll","background-type":"","background-media":"","overlay-type":"","overlay-color":"","overlay-opacity":"","overlay-gradient":""},"tablet":{"background-color":"var(--ast-global-color-5)","background-image":"","background-repeat":"repeat","background-position":"center center","background-size":"auto","background-attachment":"scroll","background-type":"","background-media":"","overlay-type":"","overlay-color":"","overlay-opacity":"","overlay-gradient":""},"mobile":{"background-color":"var(--ast-global-color-5)","background-image":"","background-repeat":"repeat","background-position":"center center","background-size":"auto","background-attachment":"scroll","background-type":"","background-media":"","overlay-type":"","overlay-color":"","overlay-opacity":"","overlay-gradient":""}},"footnotes":""},"class_list":["post-1959","page","type-page","status-publish","hentry"],"_links":{"self":[{"href":"https:\/\/cavaro-consulting.com\/en\/wp-json\/wp\/v2\/pages\/1959","targetHints":{"allow":["GET"]}}],"collection":[{"href":"https:\/\/cavaro-consulting.com\/en\/wp-json\/wp\/v2\/pages"}],"about":[{"href":"https:\/\/cavaro-consulting.com\/en\/wp-json\/wp\/v2\/types\/page"}],"author":[{"embeddable":true,"href":"https:\/\/cavaro-consulting.com\/en\/wp-json\/wp\/v2\/users\/3"}],"replies":[{"embeddable":true,"href":"https:\/\/cavaro-consulting.com\/en\/wp-json\/wp\/v2\/comments?post=1959"}],"version-history":[{"count":5,"href":"https:\/\/cavaro-consulting.com\/en\/wp-json\/wp\/v2\/pages\/1959\/revisions"}],"predecessor-version":[{"id":1988,"href":"https:\/\/cavaro-consulting.com\/en\/wp-json\/wp\/v2\/pages\/1959\/revisions\/1988"}],"wp:attachment":[{"href":"https:\/\/cavaro-consulting.com\/en\/wp-json\/wp\/v2\/media?parent=1959"}],"curies":[{"name":"wp","href":"https:\/\/api.w.org\/{rel}","templated":true}]}}