{"id":1956,"date":"2026-03-24T12:55:05","date_gmt":"2026-03-24T12:55:05","guid":{"rendered":"https:\/\/cavaro-consulting.com\/?page_id=1956"},"modified":"2026-03-24T13:54:53","modified_gmt":"2026-03-24T13:54:53","slug":"digitalknowledgetwins","status":"publish","type":"page","link":"https:\/\/cavaro-consulting.com\/en\/digitalknowledgetwins\/","title":{"rendered":"DigitalKnowledgeTwins"},"content":{"rendered":"<div data-elementor-type=\"wp-page\" data-elementor-id=\"1956\" class=\"elementor elementor-1956\">\n\t\t\t\t<div class=\"elementor-element elementor-element-8b83b2a e-flex e-con-boxed wpr-particle-no wpr-jarallax-no wpr-parallax-no wpr-sticky-section-no e-con e-parent\" data-id=\"8b83b2a\" data-element_type=\"container\" data-e-type=\"container\">\n\t\t\t\t\t<div class=\"e-con-inner\">\n\t\t\t\t<div class=\"elementor-element elementor-element-752fd94 elementor-widget elementor-widget-heading\" data-id=\"752fd94\" data-element_type=\"widget\" data-e-type=\"widget\" data-widget_type=\"heading.default\">\n\t\t\t\t\t<h2 class=\"elementor-heading-title elementor-size-default\">Fokusthema 3\nWissensmanagement mit Digital Knowledge Twins\u200b<\/h2>\t\t\t\t<\/div>\n\t\t\t\t<div class=\"elementor-element elementor-element-85f6392 elementor-widget elementor-widget-text-editor\" data-id=\"85f6392\" data-element_type=\"widget\" data-e-type=\"widget\" data-widget_type=\"text-editor.default\">\n\t\t\t\t\t\t\t\t\t<p>Wissen sichern, teilen und skalieren \u2013 bevor es verloren geht<\/p>\t\t\t\t\t\t\t\t<\/div>\n\t\t\t\t<div class=\"elementor-element elementor-element-8708f96 elementor-widget elementor-widget-text-editor\" data-id=\"8708f96\" data-element_type=\"widget\" data-e-type=\"widget\" data-widget_type=\"text-editor.default\">\n\t\t\t\t\t\t\t\t\t<p>The challenge<\/p><ul><li data-ccp-props=\"{&quot;335551550&quot;:2,&quot;335551620&quot;:2,&quot;335559683&quot;:0,&quot;335559685&quot;:0,&quot;335559731&quot;:0,&quot;335559737&quot;:0,&quot;335562764&quot;:2,&quot;335562765&quot;:1,&quot;335562766&quot;:4,&quot;335562767&quot;:0,&quot;335562768&quot;:4,&quot;335562769&quot;:0}\"><span data-usefontface=\"false\" data-contrast=\"none\">Kritisches Wissen verl\u00e4sst das Unternehmen mit\u00a0<\/span><span data-usefontface=\"false\" data-contrast=\"none\">scheidenden Mitarbeitenden<\/span>\u200b<\/li><li data-charcodes=\"8226\" data-font=\"Arial,Sans-Serif\" data-buautonum=\"8\" data-margin=\"270\" data-aria-posinset=\"2\" data-aria-level=\"1\"><span data-usefontface=\"false\" data-contrast=\"none\">Fehlender Wissenstransfer f\u00fchrt zu hohen\u00a0<\/span><span data-usefontface=\"false\" data-contrast=\"none\">Onboardingkosten<\/span>\u00a0\u200b<\/li><li data-charcodes=\"8226\" data-font=\"Arial,Sans-Serif\" data-buautonum=\"8\" data-margin=\"270\" data-aria-posinset=\"3\" data-aria-level=\"1\"><span data-usefontface=\"false\" data-contrast=\"none\">Silos verhindern Zusammenarbeit und Innovation\u00a0<\/span><span data-usefontface=\"false\" data-contrast=\"none\">und f\u00fchren zu doppelter Arbeit am gleichen Thema<\/span>\u200b<\/li><li data-charcodes=\"8226\" data-font=\"Arial,Sans-Serif\" data-buautonum=\"8\" data-margin=\"270\" data-aria-posinset=\"4\" data-aria-level=\"1\"><span data-usefontface=\"false\" data-contrast=\"none\">Intransparente Bereitstellung von relevanten\u00a0<\/span><span data-usefontface=\"false\" data-contrast=\"none\">Informationen limitiert fachliches Arbeiten<\/span>\u200b<\/li><li data-charcodes=\"8226\" data-font=\"Arial,Sans-Serif\" data-buautonum=\"8\" data-margin=\"270\" data-aria-posinset=\"5\" data-aria-level=\"1\"><span data-usefontface=\"false\" data-contrast=\"none\">Potenziale durch den Einsatz von h\u00f6heren\u00a0<\/span><span data-usefontface=\"false\" data-contrast=\"none\">Funktionen wie z.B. KI-Assistenten werden nicht\u00a0<\/span><span data-usefontface=\"false\" data-contrast=\"none\">ausgesch\u00f6pft<br \/><br \/><\/span><\/li><\/ul><p>Our solution approach<\/p><ul><li data-charcodes=\"8226\" data-font=\"Arial,Sans-Serif\" data-buautonum=\"8\" data-margin=\"270\" data-aria-posinset=\"1\" data-aria-level=\"1\"><span data-usefontface=\"false\" data-contrast=\"none\">KI-gest\u00fctztes Wissensmanagement auf Basis\u00a0<\/span><span data-usefontface=\"false\" data-contrast=\"none\">Digital knowledge twins<\/span>\u200b<\/li><li data-charcodes=\"8226\" data-font=\"Arial,Sans-Serif\" data-buautonum=\"8\" data-margin=\"270\" data-aria-posinset=\"2\" data-aria-level=\"1\"><span data-usefontface=\"false\" data-contrast=\"none\">Rollenbasierte Wissenssysteme direkt im\u00a0<\/span><span data-usefontface=\"false\" data-contrast=\"none\">Intranet verankert<\/span>\u200b<\/li><li data-charcodes=\"8226\" data-font=\"Arial,Sans-Serif\" data-buautonum=\"8\" data-margin=\"270\" data-aria-posinset=\"3\" data-aria-level=\"1\"><span data-usefontface=\"false\" data-contrast=\"none\">Strukturierter Wissenstransfer aus Projekten,\u00a0<\/span><span data-usefontface=\"false\" data-contrast=\"none\">Menschen &amp; Communities<\/span>\u200b<\/li><li data-charcodes=\"8226\" data-font=\"Arial,Sans-Serif\" data-buautonum=\"8\" data-margin=\"270\" data-aria-posinset=\"4\" data-aria-level=\"1\"><span data-usefontface=\"false\" data-contrast=\"none\">Aufbau einer nachhaltigen Wissenskultur statt\u00a0<\/span><span data-usefontface=\"false\" data-contrast=\"none\">Einmal-Dokumentation<\/span>\u200b<\/li><li data-charcodes=\"8226\" data-font=\"Arial,Sans-Serif\" data-buautonum=\"8\" data-margin=\"270\" data-aria-posinset=\"5\" data-aria-level=\"1\"><span data-usefontface=\"false\" data-contrast=\"none\">Community-Aufbau &amp; kontinuierliches\u00a0<\/span><span data-usefontface=\"false\" data-contrast=\"none\">Knowledge-<\/span><span data-usefontface=\"false\" data-contrast=\"none\">Gardening<\/span>\u200b<\/li><li data-charcodes=\"8226\" data-font=\"Arial,Sans-Serif\" data-buautonum=\"8\" data-margin=\"270\" data-aria-posinset=\"6\" data-aria-level=\"1\"><span data-usefontface=\"false\" data-contrast=\"none\">Integratives\u00a0<\/span><span data-usefontface=\"false\" data-contrast=\"none\">Wissensmangement<\/span><span data-usefontface=\"false\" data-contrast=\"none\">\u00a0in bestehende\u00a0<\/span><span data-usefontface=\"false\" data-contrast=\"none\">Systeme wie z.B. M365<\/span><\/li><\/ul><p><br \/>Unsere Erfahrungen<\/p><ul><li data-charcodes=\"8226\" data-font=\"Arial,Sans-Serif\" data-buautonum=\"8\" data-margin=\"270\" data-aria-posinset=\"1\" data-aria-level=\"1\"><span data-usefontface=\"false\" data-contrast=\"none\">Mehrj\u00e4hrige Wissensmanagement-<\/span><span data-usefontface=\"false\" data-contrast=\"none\">Programme im \u00f6ffentlichen &amp;\u00a0<\/span><span data-usefontface=\"false\" data-contrast=\"none\">industriellen Umfeld<\/span>\u200b<\/li><li data-charcodes=\"8226\" data-font=\"Arial,Sans-Serif\" data-buautonum=\"8\" data-margin=\"270\" data-aria-posinset=\"3\" data-aria-level=\"1\" class=\"translation-block\">Development of AI-powered knowledge databases and intelligent search solutions<\/li><li data-charcodes=\"8226\" data-font=\"Arial,Sans-Serif\" data-buautonum=\"8\" data-margin=\"270\" data-aria-posinset=\"4\" data-aria-level=\"1\"><span data-usefontface=\"false\" data-contrast=\"none\">Integration von Wissensmanagement in\u00a0<\/span><span data-usefontface=\"false\" data-contrast=\"none\">das vorhanden Microsoft M365 Umfeld\u00a0<\/span><span data-usefontface=\"false\" data-contrast=\"none\">von Unternehmen oder bestehende\u00a0<\/span><span data-usefontface=\"false\" data-contrast=\"none\">Intranetstrukturen<\/span><\/li><\/ul><p><br \/>Results for your business<\/p><ul><li data-charcodes=\"8226\" data-font=\"Arial,Sans-Serif\" data-buautonum=\"8\" data-margin=\"450\" data-aria-posinset=\"1\" data-aria-level=\"1\"><span data-usefontface=\"false\" data-contrast=\"none\">Sp\u00fcrbare Senkung der\u00a0<\/span><span data-usefontface=\"false\" data-contrast=\"none\">Onboardingkosten<\/span><span data-usefontface=\"false\" data-contrast=\"none\">\u00a0durch schnellere Einarbeitung<\/span>\u200b<\/li><li data-charcodes=\"8226\" data-font=\"Arial,Sans-Serif\" data-buautonum=\"8\" data-margin=\"450\" data-aria-posinset=\"2\" data-aria-level=\"1\"><span data-usefontface=\"false\" data-contrast=\"none\">Retention of critical experience and expertise during generational transitions<\/span>\u200b<\/li><li data-charcodes=\"8226\" data-font=\"Arial,Sans-Serif\" data-buautonum=\"8\" data-margin=\"450\" data-aria-posinset=\"3\" data-aria-level=\"1\"><span data-usefontface=\"false\" data-contrast=\"none\">Weniger Silos, mehr Zusammenarbeit und Wiederverwendung<\/span><\/li><\/ul>\t\t\t\t\t\t\t\t<\/div>\n\t\t\t\t\t<\/div>\n\t\t\t\t<\/div>\n\t\t<div class=\"elementor-element elementor-element-b1cfc39 e-flex e-con-boxed wpr-particle-no wpr-jarallax-no wpr-parallax-no wpr-sticky-section-no e-con e-parent\" data-id=\"b1cfc39\" data-element_type=\"container\" data-e-type=\"container\">\n\t\t\t\t\t<div class=\"e-con-inner\">\n\t\t\t\t<div class=\"elementor-element elementor-element-bbc6c3b elementor-widget elementor-widget-heading\" data-id=\"bbc6c3b\" data-element_type=\"widget\" data-e-type=\"widget\" data-widget_type=\"heading.default\">\n\t\t\t\t\t<h2 class=\"elementor-heading-title elementor-size-default\">Focus Topic 3\nManaging knowledge using digital knowledge twins<\/h2>\t\t\t\t<\/div>\n\t\t\t\t<div class=\"elementor-element elementor-element-c460516 elementor-widget elementor-widget-text-editor\" data-id=\"c460516\" data-element_type=\"widget\" data-e-type=\"widget\" data-widget_type=\"text-editor.default\">\n\t\t\t\t\t\t\t\t\t<p>Capture, share, and scale knowledge before it disappears<\/p>\t\t\t\t\t\t\t\t<\/div>\n\t\t\t\t<div class=\"elementor-element elementor-element-d216ad6 elementor-widget elementor-widget-text-editor\" data-id=\"d216ad6\" data-element_type=\"widget\" data-e-type=\"widget\" data-widget_type=\"text-editor.default\">\n\t\t\t\t\t\t\t\t\t<p>The Challenge<\/p><ul><li class=\"translation-block\" data-ccp-props=\"{&quot;335551550&quot;:2,&quot;335551620&quot;:2,&quot;335559683&quot;:0,&quot;335559685&quot;:0,&quot;335559731&quot;:0,&quot;335559737&quot;:0,&quot;335562764&quot;:2,&quot;335562765&quot;:1,&quot;335562766&quot;:4,&quot;335562767&quot;:0,&quot;335562768&quot;:4,&quot;335562769&quot;:0}\">Critical knowledge leaves the organization when employees depar<\/li><li class=\"translation-block\" data-charcodes=\"8226\" data-font=\"Arial,Sans-Serif\" data-buautonum=\"8\" data-margin=\"270\" data-aria-posinset=\"2\" data-aria-level=\"1\">Lack of knowledge transfer drives up onboarding costs<\/li><li class=\"translation-block\" data-charcodes=\"8226\" data-font=\"Arial,Sans-Serif\" data-buautonum=\"8\" data-margin=\"270\" data-aria-posinset=\"3\" data-aria-level=\"1\">Organizational silos limit collaboration, stifle innovation, and lead to duplicated work<\/li><li class=\"translation-block\" data-charcodes=\"8226\" data-font=\"Arial,Sans-Serif\" data-buautonum=\"8\" data-margin=\"270\" data-aria-posinset=\"4\" data-aria-level=\"1\">Poor visibility and access to relevant information restrict effective decision-making and execution<\/li><li class=\"translation-block\" data-charcodes=\"8226\" data-font=\"Arial,Sans-Serif\" data-buautonum=\"8\" data-margin=\"270\" data-aria-posinset=\"5\" data-aria-level=\"1\">Advanced capabilities such as AI assistants remain underutilized<\/li><\/ul><p><br \/>Our Solution topic<\/p><ul><li class=\"translation-block\" data-charcodes=\"8226\" data-font=\"Arial,Sans-Serif\" data-buautonum=\"8\" data-margin=\"270\" data-aria-posinset=\"1\" data-aria-level=\"1\">AI-powered knowledge management built on digital knowledge twins<\/li><li class=\"translation-block\" data-charcodes=\"8226\" data-font=\"Arial,Sans-Serif\" data-buautonum=\"8\" data-margin=\"270\" data-aria-posinset=\"2\" data-aria-level=\"1\">Role-based knowledge systems seamlessly embedded into your intranet<\/li><li class=\"translation-block\" data-charcodes=\"8226\" data-font=\"Arial,Sans-Serif\" data-buautonum=\"8\" data-margin=\"270\" data-aria-posinset=\"3\" data-aria-level=\"1\">Structured knowledge transfer across projects, people, and communities<\/li><li class=\"translation-block\" data-charcodes=\"8226\" data-font=\"Arial,Sans-Serif\" data-buautonum=\"8\" data-margin=\"270\" data-aria-posinset=\"4\" data-aria-level=\"1\">Building a sustainable knowledge culture \u2014 moving beyond one-off documentation<\/li><li class=\"translation-block\" data-charcodes=\"8226\" data-font=\"Arial,Sans-Serif\" data-buautonum=\"8\" data-margin=\"270\" data-aria-posinset=\"5\" data-aria-level=\"1\">Community building and continuous knowledge gardening<\/li><li class=\"translation-block\" data-charcodes=\"8226\" data-font=\"Arial,Sans-Serif\" data-buautonum=\"8\" data-margin=\"270\" data-aria-posinset=\"6\" data-aria-level=\"1\">Seamless integration into existing systems such as Microsoft 365<\/li><\/ul><p><br \/>Our Experience<\/p><ul><li class=\"translation-block\" data-charcodes=\"8226\" data-font=\"Arial,Sans-Serif\" data-buautonum=\"8\" data-margin=\"270\" data-aria-posinset=\"1\" data-aria-level=\"1\">Multi-year knowledge management programs across public sector and industrial environments<\/li><li class=\"translation-block\" data-charcodes=\"8226\" data-font=\"Arial,Sans-Serif\" data-buautonum=\"8\" data-margin=\"270\" data-aria-posinset=\"3\" data-aria-level=\"1\">Development of AI-powered knowledge databases and intelligent search solutions<\/li><li class=\"translation-block\" data-charcodes=\"8226\" data-font=\"Arial,Sans-Serif\" data-buautonum=\"8\" data-margin=\"270\" data-aria-posinset=\"4\" data-aria-level=\"1\">Integration of knowledge management into existing Microsoft 365 environments and intranet structures<\/li><\/ul><p><br \/>Results for your business<\/p><ul><li class=\"translation-block\" data-charcodes=\"8226\" data-font=\"Arial,Sans-Serif\" data-buautonum=\"8\" data-margin=\"450\" data-aria-posinset=\"1\" data-aria-level=\"1\">Significant reduction in onboarding costs through faster ramp-up times<\/li><li data-charcodes=\"8226\" data-font=\"Arial,Sans-Serif\" data-buautonum=\"8\" data-margin=\"450\" data-aria-posinset=\"2\" data-aria-level=\"1\"><span data-usefontface=\"false\" data-contrast=\"none\">Retention of critical experience and expertise during generational transitions<\/span>\u200b<\/li><li class=\"translation-block\" data-charcodes=\"8226\" data-font=\"Arial,Sans-Serif\" data-buautonum=\"8\" data-margin=\"450\" data-aria-posinset=\"3\" data-aria-level=\"1\">Fewer silos, stronger collaboration, and increased knowledge reuse<\/li><\/ul>\t\t\t\t\t\t\t\t<\/div>\n\t\t\t\t\t<\/div>\n\t\t\t\t<\/div>\n\t\t<div class=\"elementor-element elementor-element-4236499 e-flex e-con-boxed wpr-particle-no wpr-jarallax-no wpr-parallax-no wpr-sticky-section-no e-con e-parent\" data-id=\"4236499\" data-element_type=\"container\" data-e-type=\"container\">\n\t\t\t\t\t<div class=\"e-con-inner\">\n\t\t\t\t<div class=\"elementor-element elementor-element-2e4bbc8 elementor-widget elementor-widget-text-editor\" data-id=\"2e4bbc8\" data-element_type=\"widget\" data-e-type=\"widget\" data-widget_type=\"text-editor.default\">\n\t\t\t\t\t\t\t\t\t<p><a href=\"https:\/\/cavaro-consulting.com\/en\/home\/\">Home<\/a><\/p><p><a href=\"https:\/\/cavaro-consulting.com\/en\/home\/informationmanagement\/\">Fokusthema 1<\/a><\/p><p><a href=\"https:\/\/cavaro-consulting.com\/en\/workplaceai\/\">Fokusthema 2<\/a><\/p><p><a href=\"https:\/\/cavaro-consulting.com\/en\/industrialintranet\/\">Fokusthema 4<\/a><\/p><p><a href=\"https:\/\/cavaro-consulting.com\/en\/home\/informationmanagement\/\">Focus Topic 1<\/a><\/p><p><a href=\"https:\/\/cavaro-consulting.com\/en\/workplaceai\/\">Focus Topic 2<\/a><\/p><p><a href=\"https:\/\/cavaro-consulting.com\/en\/industrialintranet\/\">Focus Topic 4<\/a><\/p>\t\t\t\t\t\t\t\t<\/div>\n\t\t\t\t\t<\/div>\n\t\t\t\t<\/div>\n\t\t\t\t<\/div>","protected":false},"excerpt":{"rendered":"<p>Fokusthema 3 Wissensmanagement mit Digital Knowledge Twins\u200b Wissen sichern, teilen und skalieren \u2013 bevor es verloren geht Die Herausforderung Kritisches Wissen verl\u00e4sst das Unternehmen mit\u00a0scheidenden Mitarbeitenden\u200b Fehlender Wissenstransfer f\u00fchrt zu hohen\u00a0Onboardingkosten\u00a0\u200b Silos verhindern Zusammenarbeit und Innovation\u00a0und f\u00fchren zu doppelter Arbeit am gleichen Thema\u200b Intransparente Bereitstellung von relevanten\u00a0Informationen limitiert fachliches Arbeiten\u200b Potenziale durch den Einsatz von h\u00f6heren\u00a0Funktionen wie z.B. KI-Assistenten werden nicht\u00a0ausgesch\u00f6pft Unser L\u00f6sungsansatz KI-gest\u00fctztes Wissensmanagement auf Basis\u00a0Digital Knowledge Twins\u200b Rollenbasierte Wissenssysteme direkt im\u00a0Intranet verankert\u200b Strukturierter Wissenstransfer aus Projekten,\u00a0Menschen &amp; Communities\u200b Aufbau einer nachhaltigen Wissenskultur statt\u00a0Einmal-Dokumentation\u200b Community-Aufbau &amp; kontinuierliches\u00a0Knowledge-Gardening\u200b Integratives\u00a0Wissensmangement\u00a0in bestehende\u00a0Systeme wie z.B. M365 Unsere Erfahrungen Mehrj\u00e4hrige Wissensmanagement-Programme im \u00f6ffentlichen &amp;\u00a0industriellen Umfeld\u200b Aufbau KI-gest\u00fctzter Wissens-datenbanken und Suchsysteme\u200b Integration von Wissensmanagement in\u00a0das vorhanden Microsoft M365 Umfeld\u00a0von Unternehmen oder bestehende\u00a0Intranetstrukturen Ergebnisse f\u00fcr ihr Unternehmen Sp\u00fcrbare Senkung der\u00a0Onboardingkosten\u00a0durch schnellere Einarbeitung\u200b Sicherung von Erfahrungswissen bei Generationenwechsel\u200b Weniger Silos, mehr Zusammenarbeit und Wiederverwendung Focus Topic 3 Managing knowledge using digital knowledge twins Capture, share, and scale knowledge before it disappears The Challenge Critical knowledge leaves the organization when employees depar Lack of knowledge transfer drives up onboarding costs Organizational silos limit collaboration, stifle innovation, and lead to duplicated work Poor visibility and access to relevant information restrict effective decision-making and execution Advanced capabilities such as AI assistants remain underutilized Our Solution topic AI-powered knowledge management built on digital knowledge twins Role-based knowledge systems seamlessly embedded into your intranet Structured knowledge transfer across projects, people, and communities Building a sustainable knowledge culture \u2014 moving beyond one-off documentation Community building and continuous knowledge gardening Seamless integration into existing systems such as Microsoft 365 Our Experience Multi-year knowledge management programs across public sector and industrial environments Development of AI-powered knowledge databases and intelligent search solutions Integration of knowledge management into existing Microsoft 365 environments and intranet structures Results for your business Significant reduction in onboarding costs through faster ramp-up times Retention of critical experience and expertise during generational transitions\u200b Fewer silos, stronger collaboration, and increased knowledge reuse Home Fokusthema 1 Fokusthema 2 Fokusthema 4 Focus Topic 1 Focus Topic 2 Focus Topic 4<\/p>","protected":false},"author":3,"featured_media":0,"parent":0,"menu_order":0,"comment_status":"closed","ping_status":"closed","template":"","meta":{"site-sidebar-layout":"no-sidebar","site-content-layout":"","ast-site-content-layout":"full-width-container","site-content-style":"default","site-sidebar-style":"default","ast-global-header-display":"","ast-banner-title-visibility":"","ast-main-header-display":"","ast-hfb-above-header-display":"","ast-hfb-below-header-display":"","ast-hfb-mobile-header-display":"","site-post-title":"disabled","ast-breadcrumbs-content":"","ast-featured-img":"disabled","footer-sml-layout":"","theme-transparent-header-meta":"","adv-header-id-meta":"","stick-header-meta":"","header-above-stick-meta":"","header-main-stick-meta":"","header-below-stick-meta":"","astra-migrate-meta-layouts":"default","ast-page-background-enabled":"default","ast-page-background-meta":{"desktop":{"background-color":"var(--ast-global-color-4)","background-image":"","background-repeat":"repeat","background-position":"center center","background-size":"auto","background-attachment":"scroll","background-type":"","background-media":"","overlay-type":"","overlay-color":"","overlay-opacity":"","overlay-gradient":""},"tablet":{"background-color":"","background-image":"","background-repeat":"repeat","background-position":"center center","background-size":"auto","background-attachment":"scroll","background-type":"","background-media":"","overlay-type":"","overlay-color":"","overlay-opacity":"","overlay-gradient":""},"mobile":{"background-color":"","background-image":"","background-repeat":"repeat","background-position":"center center","background-size":"auto","background-attachment":"scroll","background-type":"","background-media":"","overlay-type":"","overlay-color":"","overlay-opacity":"","overlay-gradient":""}},"ast-content-background-meta":{"desktop":{"background-color":"var(--ast-global-color-5)","background-image":"","background-repeat":"repeat","background-position":"center center","background-size":"auto","background-attachment":"scroll","background-type":"","background-media":"","overlay-type":"","overlay-color":"","overlay-opacity":"","overlay-gradient":""},"tablet":{"background-color":"var(--ast-global-color-5)","background-image":"","background-repeat":"repeat","background-position":"center center","background-size":"auto","background-attachment":"scroll","background-type":"","background-media":"","overlay-type":"","overlay-color":"","overlay-opacity":"","overlay-gradient":""},"mobile":{"background-color":"var(--ast-global-color-5)","background-image":"","background-repeat":"repeat","background-position":"center center","background-size":"auto","background-attachment":"scroll","background-type":"","background-media":"","overlay-type":"","overlay-color":"","overlay-opacity":"","overlay-gradient":""}},"footnotes":""},"class_list":["post-1956","page","type-page","status-publish","hentry"],"_links":{"self":[{"href":"https:\/\/cavaro-consulting.com\/en\/wp-json\/wp\/v2\/pages\/1956","targetHints":{"allow":["GET"]}}],"collection":[{"href":"https:\/\/cavaro-consulting.com\/en\/wp-json\/wp\/v2\/pages"}],"about":[{"href":"https:\/\/cavaro-consulting.com\/en\/wp-json\/wp\/v2\/types\/page"}],"author":[{"embeddable":true,"href":"https:\/\/cavaro-consulting.com\/en\/wp-json\/wp\/v2\/users\/3"}],"replies":[{"embeddable":true,"href":"https:\/\/cavaro-consulting.com\/en\/wp-json\/wp\/v2\/comments?post=1956"}],"version-history":[{"count":5,"href":"https:\/\/cavaro-consulting.com\/en\/wp-json\/wp\/v2\/pages\/1956\/revisions"}],"predecessor-version":[{"id":1985,"href":"https:\/\/cavaro-consulting.com\/en\/wp-json\/wp\/v2\/pages\/1956\/revisions\/1985"}],"wp:attachment":[{"href":"https:\/\/cavaro-consulting.com\/en\/wp-json\/wp\/v2\/media?parent=1956"}],"curies":[{"name":"wp","href":"https:\/\/api.w.org\/{rel}","templated":true}]}}