{"id":1952,"date":"2026-03-24T13:22:29","date_gmt":"2026-03-24T13:22:29","guid":{"rendered":"https:\/\/cavaro-consulting.com\/?page_id=1952"},"modified":"2026-03-31T08:20:12","modified_gmt":"2026-03-31T08:20:12","slug":"informationmanagement","status":"publish","type":"page","link":"https:\/\/cavaro-consulting.com\/en\/informationmanagement\/","title":{"rendered":"InformationManagement"},"content":{"rendered":"<div data-elementor-type=\"wp-page\" data-elementor-id=\"1952\" class=\"elementor elementor-1952\">\n\t\t\t\t<div class=\"elementor-element elementor-element-73ee752 e-flex e-con-boxed wpr-particle-no wpr-jarallax-no wpr-parallax-no wpr-sticky-section-no e-con e-parent\" data-id=\"73ee752\" data-element_type=\"container\" data-e-type=\"container\">\n\t\t\t\t\t<div class=\"e-con-inner\">\n\t\t\t\t<div class=\"elementor-element elementor-element-3e75218 elementor-widget elementor-widget-heading\" data-id=\"3e75218\" data-element_type=\"widget\" data-e-type=\"widget\" data-widget_type=\"heading.default\">\n\t\t\t\t\t<h2 class=\"elementor-heading-title elementor-size-default\">Fokusthema 1\nIntelligentes Informationsmanagement im Intranet<\/h2>\t\t\t\t<\/div>\n\t\t\t\t<div class=\"elementor-element elementor-element-ba91b5d elementor-widget elementor-widget-text-editor\" data-id=\"ba91b5d\" data-element_type=\"widget\" data-e-type=\"widget\" data-widget_type=\"text-editor.default\">\n\t\t\t\t\t\t\t\t\t<p>Ihre Mitarbeitenden finden, was sie brauchen \u2013 und nutzen, was Sie haben.<\/p>\t\t\t\t\t\t\t\t<\/div>\n\t\t\t\t<div class=\"elementor-element elementor-element-38d738e elementor-widget elementor-widget-text-editor\" data-id=\"38d738e\" data-element_type=\"widget\" data-e-type=\"widget\" data-widget_type=\"text-editor.default\">\n\t\t\t\t\t\t\t\t\t<p><b>The challenge<\/b><\/p><ul style=\"font-size: 16px; font-style: normal; color: #7a7a7a;\"><li style=\"font-size: 16px;\">Data is spread across SharePoint, Teams, OneDrive &amp; business systems<\/li><li style=\"font-weight: 400; font-size: 16px;\">Content is duplicated, outdated, or varies in quality<\/li><li style=\"font-weight: 400; font-size: 16px;\">Missing governance and knowledge structuring hinders scalability and AI adoption<\/li><li style=\"font-weight: 400; font-size: 16px;\">Staff spend daily hours searching rather than working<\/li><li style=\"font-weight: 400; font-size: 16px;\">Excessive channels cause information loss and frustration among employees<\/li><\/ul><div><span style=\"color: #7a7a7a;\">\u00a0<\/span><\/div><div><span style=\"color: #7a7a7a;\"><b>Our solution approach<\/b><\/span><\/div><div><ul style=\"font-size: 16px; font-style: normal; color: #7a7a7a;\"><li style=\"font-size: 16px;\">Minimized noise, maximized signal: strong information architecture &amp; content governance<\/li><li style=\"font-weight: 400; font-size: 16px;\">AI-enabled content qualification, structuring &amp; prioritization<\/li><li style=\"font-weight: 400; font-size: 16px;\">A clean data foundation for AI and smart search<\/li><li style=\"font-weight: 400; font-size: 16px;\">AI coaches embedded in the intranet to assist employees on the job<\/li><li style=\"font-weight: 400; font-size: 16px;\">Building multilingual intranets efficiently with AI-assisted translation &amp; quality control<\/li><\/ul><div><span style=\"color: #7a7a7a;\">\u00a0<\/span><\/div><div><span style=\"color: #7a7a7a;\"><b>Our experience<\/b><\/span><\/div><div><ul style=\"font-size: 16px; font-style: normal; color: #7a7a7a;\"><li style=\"font-size: 16px;\">Governance of LLM integration in enterprise intranets across multinational corporations and public institutions<\/li><li style=\"font-weight: 400; font-size: 16px;\">Developing AI-driven, agent-based knowledge and information systems<\/li><li style=\"font-weight: 400; font-size: 16px;\">Development and management of high-efficiency intranets for project and operations teams<\/li><\/ul><div><span style=\"color: #7a7a7a;\">\u00a0<\/span><\/div><\/div><div><span style=\"color: #7a7a7a;\"><b>Results for your business<\/b><\/span><\/div><div><ul style=\"font-size: 16px; font-style: normal; color: #7a7a7a;\"><li style=\"font-size: 16px;\">Organizing and managing information to deliver benefits for each employee<\/li><li style=\"font-weight: 400; font-size: 16px;\">Creating a sustainable solution via a governed content lifecycle with defined responsibilities<\/li><li style=\"font-weight: 400; font-size: 16px;\">The best basis for leveraging AI throughout the digital workplace<\/li><\/ul><\/div><\/div>\t\t\t\t\t\t\t\t<\/div>\n\t\t\t\t\t<\/div>\n\t\t\t\t<\/div>\n\t\t<div class=\"elementor-element elementor-element-7717e6e e-flex e-con-boxed wpr-particle-no wpr-jarallax-no wpr-parallax-no wpr-sticky-section-no e-con e-parent\" data-id=\"7717e6e\" data-element_type=\"container\" data-e-type=\"container\">\n\t\t\t\t\t<div class=\"e-con-inner\">\n\t\t\t\t<div class=\"elementor-element elementor-element-ebd1a63 elementor-widget elementor-widget-heading\" data-id=\"ebd1a63\" data-element_type=\"widget\" data-e-type=\"widget\" data-widget_type=\"heading.default\">\n\t\t\t\t\t<h2 class=\"elementor-heading-title elementor-size-default\">Focus Topic 1\nSmart information management for your intranet<\/h2>\t\t\t\t<\/div>\n\t\t\t\t<div class=\"elementor-element elementor-element-3999e29 elementor-widget elementor-widget-text-editor\" data-id=\"3999e29\" data-element_type=\"widget\" data-e-type=\"widget\" data-widget_type=\"text-editor.default\">\n\t\t\t\t\t\t\t\t\t<p>Employees find what they need and make use of what you offer<\/p>\t\t\t\t\t\t\t\t<\/div>\n\t\t\t\t<div class=\"elementor-element elementor-element-12b6db8 elementor-widget elementor-widget-text-editor\" data-id=\"12b6db8\" data-element_type=\"widget\" data-e-type=\"widget\" data-widget_type=\"text-editor.default\">\n\t\t\t\t\t\t\t\t\t<p><b>The hallenge<\/b><\/p><ul style=\"font-size: 16px; font-style: normal; color: #7a7a7a;\"><li>Data is spread across SharePoint, Teams, OneDrive &amp; business systems<\/li><li>Content is duplicated, outdated, or varies in quality<\/li><li>Missing governance and knowledge structuring hinders scalability and AI adoption<\/li><li>Staff spend daily hours searching rather than working<\/li><li>Excessive channels cause information loss and frustration among employees<\/li><\/ul><div><span style=\"color: #7a7a7a;\">\u00a0<\/span><\/div><div><span style=\"color: #7a7a7a;\"><b>Our solution approach<\/b><\/span><\/div><div><ul style=\"font-size: 16px; font-style: normal; color: #7a7a7a;\"><li>Minimized noise, maximized signal: strong information architecture &amp; content governance<\/li><li>AI-enabled content qualification, structuring &amp; prioritization<\/li><li>A clean data foundation for AI and smart search<\/li><li>AI coaches embedded in the intranet to assist employees on the job<\/li><li>Building multilingual intranets efficiently with AI-assisted translation &amp; quality control<\/li><\/ul><div><span style=\"color: #7a7a7a;\">\u00a0<\/span><\/div><div><span style=\"color: #7a7a7a;\"><b>Our experience<\/b><\/span><\/div><div><ul style=\"font-size: 16px; font-style: normal; color: #7a7a7a;\"><li>Governance of LLM integration in enterprise intranets across multinational corporations and public institutions<\/li><li>Developing AI-driven, agent-based knowledge and information systems<\/li><li>Development and management of high-efficiency intranets for project and operations teams<\/li><\/ul><div><span style=\"color: #7a7a7a;\">\u00a0<\/span><\/div><\/div><div><span style=\"color: #7a7a7a;\"><b>Results for buisness<\/b><\/span><\/div><div><ul style=\"font-size: 16px; font-style: normal; color: #7a7a7a;\"><li>Organizing and managing information to deliver benefits for each employee<\/li><li>Creating a sustainable solution via a governed content lifecycle with defined responsibilities<\/li><li>The best basis for leveraging AI throughout the digital workplace<\/li><\/ul><\/div><\/div>\t\t\t\t\t\t\t\t<\/div>\n\t\t\t\t\t<\/div>\n\t\t\t\t<\/div>\n\t\t<div class=\"elementor-element elementor-element-b9b3d82 e-flex e-con-boxed wpr-particle-no wpr-jarallax-no wpr-parallax-no wpr-sticky-section-no e-con e-parent\" data-id=\"b9b3d82\" data-element_type=\"container\" data-e-type=\"container\">\n\t\t\t\t\t<div class=\"e-con-inner\">\n\t\t\t\t<div class=\"elementor-element elementor-element-c07b91e elementor-widget elementor-widget-text-editor\" data-id=\"c07b91e\" data-element_type=\"widget\" data-e-type=\"widget\" data-widget_type=\"text-editor.default\">\n\t\t\t\t\t\t\t\t\t<p><a href=\"https:\/\/cavaro-consulting.com\/en\/home\/\">Home<\/a><\/p><p><a href=\"https:\/\/cavaro-consulting.com\/en\/workplaceai\/\">Fokusthema 2<\/a><\/p><p><a href=\"https:\/\/cavaro-consulting.com\/en\/home\/digitalknowledgetwins\/\">Fokusthema 3<\/a><\/p><p><a href=\"https:\/\/cavaro-consulting.com\/en\/industrialintranet\/\">Fokusthema 4<\/a><\/p><p><a href=\"https:\/\/cavaro-consulting.com\/en\/workplaceai\/\">Focus Topic 2<\/a><\/p><p><a href=\"https:\/\/cavaro-consulting.com\/en\/home\/digitalknowledgetwins\/\">Focus Topic 3<\/a><\/p><p><a href=\"https:\/\/cavaro-consulting.com\/en\/industrialintranet\/\">Focus Topic 4<\/a><\/p>\t\t\t\t\t\t\t\t<\/div>\n\t\t\t\t\t<\/div>\n\t\t\t\t<\/div>\n\t\t\t\t<\/div>","protected":false},"excerpt":{"rendered":"<p>Fokusthema 1 Intelligentes Informationsmanagement im Intranet Ihre Mitarbeitenden finden, was sie brauchen \u2013 und nutzen, was Sie haben. Die Herausforderung Informationen liegen verstreut in SharePoint, Teams, OneDrive &amp; Fachsystemen Inhalte existieren doppelt, sind veraltet oder qualitativ uneinheitlich Fehlende Governance und Strukturierung des vorhandenen Wissens verhindert Skalierung und KI-Nutzung Mitarbeitende verbringen t\u00e4glich Zeit mit Suchen statt Arbeiten \u201cToo many channels\u201c f\u00fchren zu Informationsverlusten und Frust bei den Mitarbeitenden \u00a0Unser L\u00f6sungsansatz Wenig Rauschen, viel Signal: klare Informationsarchitektur &amp; Content-Governance KI-gest\u00fctzte Qualifizierung, Strukturierung und Priorisierung von Inhalten Saubere Datenbasis als Fundament f\u00fcr KI &amp; intelligente Suche Intranet-embedded AI-Coaches, die Mitarbeitende im Arbeitskontext unterst\u00fctzen Effizienter Aufbau mehrsprachige Intranets inkl. KI-gest\u00fctzter \u00dcbersetzung &amp; Qualit\u00e4tssicherung \u00a0Unsere Erfahrung Steuerung der LLM-Integration in Unternehmensintranets bei internationalen Konzernen und im \u00f6ffentlichen Dienst Aufbau KI-gest\u00fctzter, agentenbasierter Wissens- und Informationssysteme Aufbau und Betrieb high efficient Intranets im Projekt und Betriebsumfeld \u00a0Ergebnisse f\u00fcr ihr Unternehmen Informationsaufbereitung und -managment, welches Mehrwerte f\u00fcr jeden einzelnen Mitarbeiter generiert Nachhaltige L\u00f6sung durch Aufbau und Betrieb Governance-f\u00e4higer Content-Lebenszyklus mit klaren Verantwortlichkeiten Optimale Grundlage f\u00fcr KI-Nutzung im gesamten Digital Workplace Focus Topic 1 Smart information management for your intranet Employees find what they need and make use of what you offer The hallenge Data is spread across SharePoint, Teams, OneDrive &amp; business systems Content is duplicated, outdated, or varies in quality Missing governance and knowledge structuring hinders scalability and AI adoption Staff spend daily hours searching rather than working Excessive channels cause information loss and frustration among employees \u00a0Our solution approach Minimized noise, maximized signal: strong information architecture &amp; content governance AI-enabled content qualification, structuring &amp; prioritization A clean data foundation for AI and smart search AI coaches embedded in the intranet to assist employees on the job Building multilingual intranets efficiently with AI-assisted translation &amp; quality control \u00a0Our experience Governance of LLM integration in enterprise intranets across multinational corporations and public institutions Developing AI-driven, agent-based knowledge and information systems Development and management of high-efficiency intranets for project and operations teams \u00a0Results for buisness Organizing and managing information to deliver benefits for each employee Creating a sustainable solution via a governed content lifecycle with defined responsibilities The best basis for leveraging AI throughout the digital workplace Home Fokusthema 2 Fokusthema 3 Fokusthema 4 Focus Topic 2 Focus Topic 3 Focus Topic 4<\/p>","protected":false},"author":3,"featured_media":0,"parent":0,"menu_order":0,"comment_status":"closed","ping_status":"closed","template":"","meta":{"site-sidebar-layout":"no-sidebar","site-content-layout":"","ast-site-content-layout":"full-width-container","site-content-style":"default","site-sidebar-style":"default","ast-global-header-display":"","ast-banner-title-visibility":"","ast-main-header-display":"","ast-hfb-above-header-display":"","ast-hfb-below-header-display":"","ast-hfb-mobile-header-display":"","site-post-title":"disabled","ast-breadcrumbs-content":"","ast-featured-img":"disabled","footer-sml-layout":"","theme-transparent-header-meta":"","adv-header-id-meta":"","stick-header-meta":"","header-above-stick-meta":"","header-main-stick-meta":"","header-below-stick-meta":"","astra-migrate-meta-layouts":"default","ast-page-background-enabled":"default","ast-page-background-meta":{"desktop":{"background-color":"var(--ast-global-color-4)","background-image":"","background-repeat":"repeat","background-position":"center center","background-size":"auto","background-attachment":"scroll","background-type":"","background-media":"","overlay-type":"","overlay-color":"","overlay-opacity":"","overlay-gradient":""},"tablet":{"background-color":"","background-image":"","background-repeat":"repeat","background-position":"center center","background-size":"auto","background-attachment":"scroll","background-type":"","background-media":"","overlay-type":"","overlay-color":"","overlay-opacity":"","overlay-gradient":""},"mobile":{"background-color":"","background-image":"","background-repeat":"repeat","background-position":"center center","background-size":"auto","background-attachment":"scroll","background-type":"","background-media":"","overlay-type":"","overlay-color":"","overlay-opacity":"","overlay-gradient":""}},"ast-content-background-meta":{"desktop":{"background-color":"var(--ast-global-color-5)","background-image":"","background-repeat":"repeat","background-position":"center center","background-size":"auto","background-attachment":"scroll","background-type":"","background-media":"","overlay-type":"","overlay-color":"","overlay-opacity":"","overlay-gradient":""},"tablet":{"background-color":"var(--ast-global-color-5)","background-image":"","background-repeat":"repeat","background-position":"center center","background-size":"auto","background-attachment":"scroll","background-type":"","background-media":"","overlay-type":"","overlay-color":"","overlay-opacity":"","overlay-gradient":""},"mobile":{"background-color":"var(--ast-global-color-5)","background-image":"","background-repeat":"repeat","background-position":"center center","background-size":"auto","background-attachment":"scroll","background-type":"","background-media":"","overlay-type":"","overlay-color":"","overlay-opacity":"","overlay-gradient":""}},"footnotes":""},"class_list":["post-1952","page","type-page","status-publish","hentry"],"_links":{"self":[{"href":"https:\/\/cavaro-consulting.com\/en\/wp-json\/wp\/v2\/pages\/1952","targetHints":{"allow":["GET"]}}],"collection":[{"href":"https:\/\/cavaro-consulting.com\/en\/wp-json\/wp\/v2\/pages"}],"about":[{"href":"https:\/\/cavaro-consulting.com\/en\/wp-json\/wp\/v2\/types\/page"}],"author":[{"embeddable":true,"href":"https:\/\/cavaro-consulting.com\/en\/wp-json\/wp\/v2\/users\/3"}],"replies":[{"embeddable":true,"href":"https:\/\/cavaro-consulting.com\/en\/wp-json\/wp\/v2\/comments?post=1952"}],"version-history":[{"count":15,"href":"https:\/\/cavaro-consulting.com\/en\/wp-json\/wp\/v2\/pages\/1952\/revisions"}],"predecessor-version":[{"id":1995,"href":"https:\/\/cavaro-consulting.com\/en\/wp-json\/wp\/v2\/pages\/1952\/revisions\/1995"}],"wp:attachment":[{"href":"https:\/\/cavaro-consulting.com\/en\/wp-json\/wp\/v2\/media?parent=1952"}],"curies":[{"name":"wp","href":"https:\/\/api.w.org\/{rel}","templated":true}]}}